{"id":735,"date":"2021-01-17T19:16:21","date_gmt":"2021-01-17T18:16:21","guid":{"rendered":"https:\/\/www.olisdolivaivins.cat\/?page_id=735"},"modified":"2021-02-04T22:29:26","modified_gmt":"2021-02-04T21:29:26","slug":"empreses-col%c2%b7laboradores","status":"publish","type":"page","link":"https:\/\/www.olisdolivaivins.cat\/es\/empreses-col%c2%b7laboradores\/","title":{"rendered":"Empresas colaboradoras"},"content":{"rendered":"<p><\/p>\n<p style=\"text-align: justify;\">Nuestro ciclo es un <strong>Ciclo Dual<\/strong>: una modalidad de formaci\u00f3n profesional en la cual el estudiante se convierte en aprendiz y combina la formaci\u00f3n en el centro educativo con la actividad a la empresa.<\/p>\n<p style=\"text-align: justify;\">Este <strong>nuevo modelo colaborativo entre empresa y escuela<\/strong> tiene muchas ventajas pues el alumno se incorpora al trabajo con un bagaje de conocimientos adquiridos, directamente relacionados con el perfil profesional de la empresa.<\/p>\n<p style=\"text-align: justify;\">El centro y la empresa pactan los contenidos que el alumno aprender\u00e1 en el centro de trabajo ajust\u00e1ndolos a las necesidades y perfiles del puesto de trabajo por el que se forma y que ocupar\u00e1 en el futuro.<\/p>\n<h3 style=\"text-align: justify;\">Beneficios de la fp dual para la empresa<\/h3>\n<ul>\n<li style=\"text-align: justify;\">La <strong>FP Dual<\/strong> contribuye a la mejora de la competitividad de las empresas al mejorar su gesti\u00f3n de los recursos humanos: permite disponer de un capital humano con las competencias y habilidades personales y profesionales necesarias para incorporarse en la empresa.<\/li>\n<li style=\"text-align: justify;\">La <strong>FP Dual<\/strong> pone el \u00e9nfasis en la formaci\u00f3n pr\u00e1ctica y en la participaci\u00f3n activa de la empresa en el dise\u00f1o de los contenidos de la formaci\u00f3n profesional y, por lo tanto, ofrece la posibilidad de formar a una persona seg\u00fan las necesidades de las empresas, sus procesos y cultura empresarial.<\/li>\n<li style=\"text-align: justify;\">Con la <strong>FP Dual<\/strong> se recupera el modelo de aprendiz garantizando una formaci\u00f3n profesional que mejora la calificaci\u00f3n y el desarrollo personal de los j\u00f3venes.<\/li>\n<li style=\"text-align: justify;\">La <strong>FP Dual<\/strong> aumenta las competencias y el rendimiento laboral del trabajador contratado.<\/li>\n<li style=\"text-align: justify;\">La empresa participa de la <strong>responsabilidad social<\/strong> de fomentar la formaci\u00f3n y la\u00a0empleabilidad\u00a0de las personas.<\/li>\n<\/ul>\n<p style=\"text-align: justify;\">A continuaci\u00f3n, empresas del sector de nuestra zona que colaboran con el <strong>Ciclo de oli d\u2019oliva i vins de Institut Llan\u00e7\u00e0<\/strong>\u2026 \u00a1gracias por estar ah\u00ed!<\/p>\n<p>\t\t<div data-elementor-type=\"page\" data-elementor-id=\"1032\" class=\"elementor elementor-1032\" data-elementor-post-type=\"elementor_library\">\n\t\t\t\t\t\t<section class=\"elementor-section elementor-top-section elementor-element elementor-element-ca90829 elementor-section-full_width elementor-section-content-middle elementor-section-height-default elementor-section-height-default\" data-id=\"ca90829\" data-element_type=\"section\" data-e-type=\"section\">\n\t\t\t\t\t\t<div class=\"elementor-container elementor-column-gap-no\">\n\t\t\t\t\t<div class=\"elementor-column elementor-col-100 elementor-top-column elementor-element elementor-element-5b1b077\" data-id=\"5b1b077\" data-element_type=\"column\" data-e-type=\"column\">\n\t\t\t<div class=\"elementor-widget-wrap elementor-element-populated\">\n\t\t\t\t\t\t<div class=\"elementor-element elementor-element-cffaa7c elementor-widget elementor-widget-gallery\" data-id=\"cffaa7c\" data-element_type=\"widget\" data-e-type=\"widget\" data-settings=\"{&quot;gallery_layout&quot;:&quot;masonry&quot;,&quot;gap&quot;:{&quot;unit&quot;:&quot;px&quot;,&quot;size&quot;:34,&quot;sizes&quot;:[]},&quot;columns&quot;:3,&quot;columns_mobile&quot;:2,&quot;lazyload&quot;:&quot;yes&quot;,&quot;columns_tablet&quot;:2,&quot;gap_tablet&quot;:{&quot;unit&quot;:&quot;px&quot;,&quot;size&quot;:10,&quot;sizes&quot;:[]},&quot;gap_mobile&quot;:{&quot;unit&quot;:&quot;px&quot;,&quot;size&quot;:10,&quot;sizes&quot;:[]},&quot;content_hover_animation&quot;:&quot;fade-in&quot;}\" data-widget_type=\"gallery.default\">\n\t\t\t\t<div class=\"elementor-widget-container\">\n\t\t\t\t\t\t\t<div class=\"elementor-gallery__container\">\n\t\t\t\t\t\t\t<div class=\"e-gallery-item elementor-gallery-item elementor-animated-content\">\n\t\t\t\t\t<div class=\"e-gallery-image elementor-gallery-item__image\" data-thumbnail=\"https:\/\/www.olisdolivaivins.cat\/wp-content\/uploads\/2021\/02\/Lavinyeta.jpg\" data-width=\"298\" data-height=\"80\" aria-label=\"Lavinyeta | CFGM Oli i Vi - INS Llan\u00e7\u00e0\" role=\"img\" ><\/div>\n\t\t\t\t\t\t\t\t\t\t\t\t\t\t<\/div>\n\t\t\t\t\t\t\t<div class=\"e-gallery-item elementor-gallery-item elementor-animated-content\">\n\t\t\t\t\t<div class=\"e-gallery-image elementor-gallery-item__image\" data-thumbnail=\"https:\/\/www.olisdolivaivins.cat\/wp-content\/uploads\/2021\/02\/Terra-Remota.jpg\" data-width=\"298\" data-height=\"80\" aria-label=\"Terra Remota | CFGM Oli i Vi - INS Llan\u00e7\u00e0\" role=\"img\" ><\/div>\n\t\t\t\t\t\t\t\t\t\t\t\t\t\t<\/div>\n\t\t\t\t\t\t\t<div class=\"e-gallery-item elementor-gallery-item elementor-animated-content\">\n\t\t\t\t\t<div class=\"e-gallery-image elementor-gallery-item__image\" data-thumbnail=\"https:\/\/www.olisdolivaivins.cat\/wp-content\/uploads\/2021\/02\/Mas-Llunes.jpg\" data-width=\"298\" data-height=\"80\" aria-label=\"Mas Llunes | CFGM Oli i Vi - INS Llan\u00e7\u00e0\" role=\"img\" ><\/div>\n\t\t\t\t\t\t\t\t\t\t\t\t\t\t<\/div>\n\t\t\t\t\t\t\t<div class=\"e-gallery-item elementor-gallery-item elementor-animated-content\">\n\t\t\t\t\t<div class=\"e-gallery-image elementor-gallery-item__image\" data-thumbnail=\"https:\/\/www.olisdolivaivins.cat\/wp-content\/uploads\/2021\/02\/Empordalia.jpg\" data-width=\"298\" data-height=\"80\" aria-label=\"Empord\u00e0lia | CFGM Oli i Vi - INS Llan\u00e7\u00e0\" role=\"img\" ><\/div>\n\t\t\t\t\t\t\t\t\t\t\t\t\t\t<\/div>\n\t\t\t\t\t\t\t<div class=\"e-gallery-item elementor-gallery-item elementor-animated-content\">\n\t\t\t\t\t<div class=\"e-gallery-image elementor-gallery-item__image\" data-thumbnail=\"https:\/\/www.olisdolivaivins.cat\/wp-content\/uploads\/2021\/02\/Espelt.jpg\" data-width=\"294\" data-height=\"80\" aria-label=\"Espelt | CFGM Oli i Vi - INS Llan\u00e7\u00e0\" role=\"img\" ><\/div>\n\t\t\t\t\t\t\t\t\t\t\t\t\t\t<\/div>\n\t\t\t\t\t\t\t<div class=\"e-gallery-item elementor-gallery-item elementor-animated-content\">\n\t\t\t\t\t<div class=\"e-gallery-image elementor-gallery-item__image\" data-thumbnail=\"https:\/\/www.olisdolivaivins.cat\/wp-content\/uploads\/2021\/02\/Cooperativa-agricola-Garriguella.jpg\" data-width=\"298\" data-height=\"80\" aria-label=\"Cooperativa agr\u00edcola Garriguella | CFGM Oli i Vi - INS Llan\u00e7\u00e0\" role=\"img\" ><\/div>\n\t\t\t\t\t\t\t\t\t\t\t\t\t\t<\/div>\n\t\t\t\t\t\t\t<div class=\"e-gallery-item elementor-gallery-item elementor-animated-content\">\n\t\t\t\t\t<div class=\"e-gallery-image elementor-gallery-item__image\" data-thumbnail=\"https:\/\/www.olisdolivaivins.cat\/wp-content\/uploads\/2021\/02\/Maset-Plana.jpg\" data-width=\"298\" data-height=\"80\" aria-label=\"Maset Plana | CFGM Oli i Vi - INS Llan\u00e7\u00e0\" role=\"img\" ><\/div>\n\t\t\t\t\t\t\t\t\t\t\t\t\t\t<\/div>\n\t\t\t\t\t\t\t<div class=\"e-gallery-item elementor-gallery-item elementor-animated-content\">\n\t\t\t\t\t<div class=\"e-gallery-image elementor-gallery-item__image\" data-thumbnail=\"https:\/\/www.olisdolivaivins.cat\/wp-content\/uploads\/2021\/02\/Oliver-Conti.jpg\" data-width=\"298\" data-height=\"80\" aria-label=\"Oliver Conti | CFGM Oli i Vi - INS Llan\u00e7\u00e0\" role=\"img\" ><\/div>\n\t\t\t\t\t\t\t\t\t\t\t\t\t\t<\/div>\n\t\t\t\t\t\t\t<div class=\"e-gallery-item elementor-gallery-item elementor-animated-content\">\n\t\t\t\t\t<div class=\"e-gallery-image elementor-gallery-item__image\" data-thumbnail=\"https:\/\/www.olisdolivaivins.cat\/wp-content\/uploads\/2021\/02\/Castell-de-Perelada.jpg\" data-width=\"298\" data-height=\"80\" aria-label=\"Castell de Perelada | CFGM Oli i Vi - INS Llan\u00e7\u00e0\" role=\"img\" ><\/div>\n\t\t\t\t\t\t\t\t\t\t\t\t\t\t<\/div>\n\t\t\t\t\t\t\t<div class=\"e-gallery-item elementor-gallery-item elementor-animated-content\">\n\t\t\t\t\t<div class=\"e-gallery-image elementor-gallery-item__image\" data-thumbnail=\"https:\/\/www.olisdolivaivins.cat\/wp-content\/uploads\/2021\/02\/Celler-Cooperatiu-Espolla.jpg\" data-width=\"298\" data-height=\"80\" aria-label=\"Celler Cooperatiu Espolla | CFGM Oli i Vi - INS Llan\u00e7\u00e0\" role=\"img\" ><\/div>\n\t\t\t\t\t\t\t\t\t\t\t\t\t\t<\/div>\n\t\t\t\t\t\t\t<div class=\"e-gallery-item elementor-gallery-item elementor-animated-content\">\n\t\t\t\t\t<div class=\"e-gallery-image elementor-gallery-item__image\" data-thumbnail=\"https:\/\/www.olisdolivaivins.cat\/wp-content\/uploads\/2021\/02\/Cellers-den-Guilla.png\" data-width=\"206\" data-height=\"80\" aria-label=\"Cellers de&#039;n Guilla | CFGM Oli i Vi - INS Llan\u00e7\u00e0\" role=\"img\" ><\/div>\n\t\t\t\t\t\t\t\t\t\t\t\t\t\t<\/div>\n\t\t\t\t\t\t\t<div class=\"e-gallery-item elementor-gallery-item elementor-animated-content\">\n\t\t\t\t\t<div class=\"e-gallery-image elementor-gallery-item__image\" data-thumbnail=\"https:\/\/www.olisdolivaivins.cat\/wp-content\/uploads\/2021\/02\/Denominacio-Origen-Emporda.jpg\" data-width=\"250\" data-height=\"80\" aria-label=\"Denominaci\u00f3 Origen Empord\u00e0 | CFGM Oli i Vi - INS Llan\u00e7\u00e0\" role=\"img\" ><\/div>\n\t\t\t\t\t\t\t\t\t\t\t\t\t\t<\/div>\n\t\t\t\t\t\t\t<div class=\"e-gallery-item elementor-gallery-item elementor-animated-content\">\n\t\t\t\t\t<div class=\"e-gallery-image elementor-gallery-item__image\" data-thumbnail=\"https:\/\/www.olisdolivaivins.cat\/wp-content\/uploads\/2021\/02\/Celler-Marti-Faixo.jpg\" data-width=\"298\" data-height=\"80\" aria-label=\"Celler Mart\u00ed Faix\u00f3 | CFGM Oli i Vi - INS Llan\u00e7\u00e0\" role=\"img\" ><\/div>\n\t\t\t\t\t\t\t\t\t\t\t\t\t\t<\/div>\n\t\t\t\t\t\t\t<div class=\"e-gallery-item elementor-gallery-item elementor-animated-content\">\n\t\t\t\t\t<div class=\"e-gallery-image elementor-gallery-item__image\" data-thumbnail=\"https:\/\/www.olisdolivaivins.cat\/wp-content\/uploads\/2021\/02\/Mas-Vida.jpg\" data-width=\"298\" data-height=\"80\" aria-label=\"Mas Vida | CFGM Oli i Vi - INS Llan\u00e7\u00e0\" role=\"img\" ><\/div>\n\t\t\t\t\t\t\t\t\t\t\t\t\t\t<\/div>\n\t\t\t\t\t\t\t<div class=\"e-gallery-item elementor-gallery-item elementor-animated-content\">\n\t\t\t\t\t<div class=\"e-gallery-image elementor-gallery-item__image\" data-thumbnail=\"https:\/\/www.olisdolivaivins.cat\/wp-content\/uploads\/2021\/02\/Celler-Archer-Pages.jpg\" data-width=\"298\" data-height=\"80\" aria-label=\"Celler Archer Pag\u00e8s | CFGM Oli i Vi - INS Llan\u00e7\u00e0\" role=\"img\" ><\/div>\n\t\t\t\t\t\t\t\t\t\t\t\t\t\t<\/div>\n\t\t\t\t\t\t\t<div class=\"e-gallery-item elementor-gallery-item elementor-animated-content\">\n\t\t\t\t\t<div class=\"e-gallery-image elementor-gallery-item__image\" data-thumbnail=\"https:\/\/www.olisdolivaivins.cat\/wp-content\/uploads\/2021\/02\/Vinyes-dOlivardots.jpg\" data-width=\"298\" data-height=\"80\" aria-label=\"Vinyes d&#039;Olivardots | CFGM Oli i Vi - INS Llan\u00e7\u00e0\" role=\"img\" ><\/div>\n\t\t\t\t\t\t\t\t\t\t\t\t\t\t<\/div>\n\t\t\t\t\t\t\t<div class=\"e-gallery-item elementor-gallery-item elementor-animated-content\">\n\t\t\t\t\t<div class=\"e-gallery-image elementor-gallery-item__image\" data-thumbnail=\"https:\/\/www.olisdolivaivins.cat\/wp-content\/uploads\/2021\/02\/Celler-Hugas-de-Batlle.jpg\" data-width=\"298\" data-height=\"80\" aria-label=\"Celler Hugas de Batlle | CFGM Oli i Vi - INS Llan\u00e7\u00e0\" role=\"img\" ><\/div>\n\t\t\t\t\t\t\t\t\t\t\t\t\t\t<\/div>\n\t\t\t\t\t<\/div>\n\t\t\t\t\t<\/div>\n\t\t\t\t<\/div>\n\t\t\t\t\t<\/div>\n\t\t<\/div>\n\t\t\t\t\t<\/div>\n\t\t<\/section>\n\t\t\t\t<\/div>\n\t\t<\/p>","protected":false},"excerpt":{"rendered":"<p>Nuestro ciclo es un Ciclo Dual: una modalidad de formaci\u00f3n profesional en la cual el estudiante se convierte en aprendiz y combina la formaci\u00f3n en el centro educativo con la actividad a la empresa. Este nuevo modelo colaborativo entre empresa y escuela tiene muchas ventajas pues el alumno se incorpora al trabajo con un bagaje<br \/><a class=\"moretag\" href=\"https:\/\/www.olisdolivaivins.cat\/es\/empreses-col%c2%b7laboradores\/\">+ Read More<\/a><\/p>\n","protected":false},"author":1,"featured_media":1054,"parent":0,"menu_order":0,"comment_status":"closed","ping_status":"closed","template":"","meta":{"footnotes":""},"class_list":["post-735","page","type-page","status-publish","has-post-thumbnail","hentry"],"yoast_head":"<!-- This site is optimized with the Yoast SEO plugin v27.5 - https:\/\/yoast.com\/product\/yoast-seo-wordpress\/ -->\n<title>Empresas colaboradoras - Aceites de Oliva y Vinos<\/title>\n<meta name=\"robots\" content=\"index, follow, max-snippet:-1, max-image-preview:large, max-video-preview:-1\" \/>\n<link rel=\"canonical\" href=\"https:\/\/www.olisdolivaivins.cat\/empreses-col\u00b7laboradores\/\" \/>\n<meta property=\"og:locale\" content=\"es_ES\" \/>\n<meta property=\"og:type\" content=\"article\" \/>\n<meta property=\"og:title\" content=\"[:ca]Empreses col\u00b7laboradores[:es]Empresas colaboradoras[:] - Aceites de Oliva y Vinos\" \/>\n<meta property=\"og:description\" content=\"Nuestro ciclo es un Ciclo Dual: una modalidad de formaci\u00f3n profesional en la cual el estudiante se convierte en aprendiz y combina la formaci\u00f3n en el centro educativo con la actividad a la empresa. Este nuevo modelo colaborativo entre empresa y escuela tiene muchas ventajas pues el alumno se incorpora al trabajo con un bagaje+ Read More\" \/>\n<meta property=\"og:url\" content=\"https:\/\/www.olisdolivaivins.cat\/empreses-col\u00b7laboradores\/\" \/>\n<meta property=\"og:site_name\" content=\"Aceites de Oliva y Vinos\" \/>\n<meta property=\"article:publisher\" content=\"https:\/\/www.facebook.com\/olisdolivaivins\" \/>\n<meta property=\"article:modified_time\" content=\"2021-02-04T21:29:26+00:00\" \/>\n<meta property=\"og:image\" content=\"https:\/\/www.olisdolivaivins.cat\/wp-content\/uploads\/2021\/02\/CFGM-Oli-i-Vi-INS-Llanca-Empreses-Col\u00b7laboradores-H.jpg\" \/>\n\t<meta property=\"og:image:width\" content=\"1400\" \/>\n\t<meta property=\"og:image:height\" content=\"300\" \/>\n\t<meta property=\"og:image:type\" content=\"image\/jpeg\" \/>\n<meta name=\"twitter:card\" content=\"summary_large_image\" \/>\n<meta name=\"twitter:label1\" content=\"Tiempo de lectura\" \/>\n\t<meta name=\"twitter:data1\" content=\"3 minutos\" \/>\n<script type=\"application\/ld+json\" class=\"yoast-schema-graph\">{\"@context\":\"https:\\\/\\\/schema.org\",\"@graph\":[{\"@type\":\"WebPage\",\"@id\":\"https:\\\/\\\/www.olisdolivaivins.cat\\\/empreses-col%c2%b7laboradores\\\/\",\"url\":\"https:\\\/\\\/www.olisdolivaivins.cat\\\/empreses-col%c2%b7laboradores\\\/\",\"name\":\"[:ca]Empreses col\u00b7laboradores[:es]Empresas colaboradoras[:] - Aceites de Oliva y Vinos\",\"isPartOf\":{\"@id\":\"https:\\\/\\\/www.olisdolivaivins.cat\\\/#website\"},\"primaryImageOfPage\":{\"@id\":\"https:\\\/\\\/www.olisdolivaivins.cat\\\/empreses-col%c2%b7laboradores\\\/#primaryimage\"},\"image\":{\"@id\":\"https:\\\/\\\/www.olisdolivaivins.cat\\\/empreses-col%c2%b7laboradores\\\/#primaryimage\"},\"thumbnailUrl\":\"https:\\\/\\\/www.olisdolivaivins.cat\\\/wp-content\\\/uploads\\\/2021\\\/02\\\/CFGM-Oli-i-Vi-INS-Llanca-Empreses-Col\u00b7laboradores-H.jpg\",\"datePublished\":\"2021-01-17T18:16:21+00:00\",\"dateModified\":\"2021-02-04T21:29:26+00:00\",\"breadcrumb\":{\"@id\":\"https:\\\/\\\/www.olisdolivaivins.cat\\\/empreses-col%c2%b7laboradores\\\/#breadcrumb\"},\"inLanguage\":\"es\",\"potentialAction\":[{\"@type\":\"ReadAction\",\"target\":[\"https:\\\/\\\/www.olisdolivaivins.cat\\\/empreses-col%c2%b7laboradores\\\/\"]}]},{\"@type\":\"ImageObject\",\"inLanguage\":\"es\",\"@id\":\"https:\\\/\\\/www.olisdolivaivins.cat\\\/empreses-col%c2%b7laboradores\\\/#primaryimage\",\"url\":\"https:\\\/\\\/www.olisdolivaivins.cat\\\/wp-content\\\/uploads\\\/2021\\\/02\\\/CFGM-Oli-i-Vi-INS-Llanca-Empreses-Col\u00b7laboradores-H.jpg\",\"contentUrl\":\"https:\\\/\\\/www.olisdolivaivins.cat\\\/wp-content\\\/uploads\\\/2021\\\/02\\\/CFGM-Oli-i-Vi-INS-Llanca-Empreses-Col\u00b7laboradores-H.jpg\",\"width\":1400,\"height\":300,\"caption\":\"CFGM Oli i Vi - INS Llan\u00e7\u00e0 - Empreses Col\u00b7laboradores\"},{\"@type\":\"BreadcrumbList\",\"@id\":\"https:\\\/\\\/www.olisdolivaivins.cat\\\/empreses-col%c2%b7laboradores\\\/#breadcrumb\",\"itemListElement\":[{\"@type\":\"ListItem\",\"position\":1,\"name\":\"Home\",\"item\":\"https:\\\/\\\/www.olisdolivaivins.cat\\\/\"},{\"@type\":\"ListItem\",\"position\":2,\"name\":\"Empreses col\u00b7laboradores\"}]},{\"@type\":\"WebSite\",\"@id\":\"https:\\\/\\\/www.olisdolivaivins.cat\\\/#website\",\"url\":\"https:\\\/\\\/www.olisdolivaivins.cat\\\/\",\"name\":\"Olis d&#039;Oliva i Vins\",\"description\":\"Institut Llan\u00e7\u00e0\",\"publisher\":{\"@id\":\"https:\\\/\\\/www.olisdolivaivins.cat\\\/#organization\"},\"potentialAction\":[{\"@type\":\"SearchAction\",\"target\":{\"@type\":\"EntryPoint\",\"urlTemplate\":\"https:\\\/\\\/www.olisdolivaivins.cat\\\/?s={search_term_string}\"},\"query-input\":{\"@type\":\"PropertyValueSpecification\",\"valueRequired\":true,\"valueName\":\"search_term_string\"}}],\"inLanguage\":\"es\"},{\"@type\":\"Organization\",\"@id\":\"https:\\\/\\\/www.olisdolivaivins.cat\\\/#organization\",\"name\":\"Olis i Vins d'Oliva\",\"url\":\"https:\\\/\\\/www.olisdolivaivins.cat\\\/\",\"logo\":{\"@type\":\"ImageObject\",\"inLanguage\":\"es\",\"@id\":\"https:\\\/\\\/www.olisdolivaivins.cat\\\/#\\\/schema\\\/logo\\\/image\\\/\",\"url\":\"https:\\\/\\\/www.olisdolivaivins.cat\\\/wp-content\\\/uploads\\\/2021\\\/01\\\/CFGM-Oli-i-Vi-Logo.png\",\"contentUrl\":\"https:\\\/\\\/www.olisdolivaivins.cat\\\/wp-content\\\/uploads\\\/2021\\\/01\\\/CFGM-Oli-i-Vi-Logo.png\",\"width\":300,\"height\":102,\"caption\":\"Olis i Vins d'Oliva\"},\"image\":{\"@id\":\"https:\\\/\\\/www.olisdolivaivins.cat\\\/#\\\/schema\\\/logo\\\/image\\\/\"},\"sameAs\":[\"https:\\\/\\\/www.facebook.com\\\/olisdolivaivins\",\"https:\\\/\\\/www.instagram.com\\\/olisdolivaivins\\\/\"]}]}<\/script>\n<!-- \/ Yoast SEO plugin. -->","yoast_head_json":{"title":"[:ca]Empreses col\u00b7laboradores[:es]Empresas colaboradoras[:] - Aceites de Oliva y Vinos","robots":{"index":"index","follow":"follow","max-snippet":"max-snippet:-1","max-image-preview":"max-image-preview:large","max-video-preview":"max-video-preview:-1"},"canonical":"https:\/\/www.olisdolivaivins.cat\/empreses-col\u00b7laboradores\/","og_locale":"es_ES","og_type":"article","og_title":"[:ca]Empreses col\u00b7laboradores[:es]Empresas colaboradoras[:] - Aceites de Oliva y Vinos","og_description":"Nuestro ciclo es un Ciclo Dual: una modalidad de formaci\u00f3n profesional en la cual el estudiante se convierte en aprendiz y combina la formaci\u00f3n en el centro educativo con la actividad a la empresa. Este nuevo modelo colaborativo entre empresa y escuela tiene muchas ventajas pues el alumno se incorpora al trabajo con un bagaje+ Read More","og_url":"https:\/\/www.olisdolivaivins.cat\/empreses-col\u00b7laboradores\/","og_site_name":"Aceites de Oliva y Vinos","article_publisher":"https:\/\/www.facebook.com\/olisdolivaivins","article_modified_time":"2021-02-04T21:29:26+00:00","og_image":[{"width":1400,"height":300,"url":"https:\/\/www.olisdolivaivins.cat\/wp-content\/uploads\/2021\/02\/CFGM-Oli-i-Vi-INS-Llanca-Empreses-Col\u00b7laboradores-H.jpg","type":"image\/jpeg"}],"twitter_card":"summary_large_image","twitter_misc":{"Tiempo de lectura":"3 minutos"},"schema":{"@context":"https:\/\/schema.org","@graph":[{"@type":"WebPage","@id":"https:\/\/www.olisdolivaivins.cat\/empreses-col%c2%b7laboradores\/","url":"https:\/\/www.olisdolivaivins.cat\/empreses-col%c2%b7laboradores\/","name":"[:ca]Empreses col\u00b7laboradores[:es]Empresas colaboradoras[:] - Aceites de Oliva y Vinos","isPartOf":{"@id":"https:\/\/www.olisdolivaivins.cat\/#website"},"primaryImageOfPage":{"@id":"https:\/\/www.olisdolivaivins.cat\/empreses-col%c2%b7laboradores\/#primaryimage"},"image":{"@id":"https:\/\/www.olisdolivaivins.cat\/empreses-col%c2%b7laboradores\/#primaryimage"},"thumbnailUrl":"https:\/\/www.olisdolivaivins.cat\/wp-content\/uploads\/2021\/02\/CFGM-Oli-i-Vi-INS-Llanca-Empreses-Col\u00b7laboradores-H.jpg","datePublished":"2021-01-17T18:16:21+00:00","dateModified":"2021-02-04T21:29:26+00:00","breadcrumb":{"@id":"https:\/\/www.olisdolivaivins.cat\/empreses-col%c2%b7laboradores\/#breadcrumb"},"inLanguage":"es","potentialAction":[{"@type":"ReadAction","target":["https:\/\/www.olisdolivaivins.cat\/empreses-col%c2%b7laboradores\/"]}]},{"@type":"ImageObject","inLanguage":"es","@id":"https:\/\/www.olisdolivaivins.cat\/empreses-col%c2%b7laboradores\/#primaryimage","url":"https:\/\/www.olisdolivaivins.cat\/wp-content\/uploads\/2021\/02\/CFGM-Oli-i-Vi-INS-Llanca-Empreses-Col\u00b7laboradores-H.jpg","contentUrl":"https:\/\/www.olisdolivaivins.cat\/wp-content\/uploads\/2021\/02\/CFGM-Oli-i-Vi-INS-Llanca-Empreses-Col\u00b7laboradores-H.jpg","width":1400,"height":300,"caption":"CFGM Oli i Vi - INS Llan\u00e7\u00e0 - Empreses Col\u00b7laboradores"},{"@type":"BreadcrumbList","@id":"https:\/\/www.olisdolivaivins.cat\/empreses-col%c2%b7laboradores\/#breadcrumb","itemListElement":[{"@type":"ListItem","position":1,"name":"Home","item":"https:\/\/www.olisdolivaivins.cat\/"},{"@type":"ListItem","position":2,"name":"Empreses col\u00b7laboradores"}]},{"@type":"WebSite","@id":"https:\/\/www.olisdolivaivins.cat\/#website","url":"https:\/\/www.olisdolivaivins.cat\/","name":"Olis d&#039;Oliva i Vins","description":"Institut Llan\u00e7\u00e0","publisher":{"@id":"https:\/\/www.olisdolivaivins.cat\/#organization"},"potentialAction":[{"@type":"SearchAction","target":{"@type":"EntryPoint","urlTemplate":"https:\/\/www.olisdolivaivins.cat\/?s={search_term_string}"},"query-input":{"@type":"PropertyValueSpecification","valueRequired":true,"valueName":"search_term_string"}}],"inLanguage":"es"},{"@type":"Organization","@id":"https:\/\/www.olisdolivaivins.cat\/#organization","name":"Olis i Vins d'Oliva","url":"https:\/\/www.olisdolivaivins.cat\/","logo":{"@type":"ImageObject","inLanguage":"es","@id":"https:\/\/www.olisdolivaivins.cat\/#\/schema\/logo\/image\/","url":"https:\/\/www.olisdolivaivins.cat\/wp-content\/uploads\/2021\/01\/CFGM-Oli-i-Vi-Logo.png","contentUrl":"https:\/\/www.olisdolivaivins.cat\/wp-content\/uploads\/2021\/01\/CFGM-Oli-i-Vi-Logo.png","width":300,"height":102,"caption":"Olis i Vins d'Oliva"},"image":{"@id":"https:\/\/www.olisdolivaivins.cat\/#\/schema\/logo\/image\/"},"sameAs":["https:\/\/www.facebook.com\/olisdolivaivins","https:\/\/www.instagram.com\/olisdolivaivins\/"]}]}},"_links":{"self":[{"href":"https:\/\/www.olisdolivaivins.cat\/es\/wp-json\/wp\/v2\/pages\/735","targetHints":{"allow":["GET"]}}],"collection":[{"href":"https:\/\/www.olisdolivaivins.cat\/es\/wp-json\/wp\/v2\/pages"}],"about":[{"href":"https:\/\/www.olisdolivaivins.cat\/es\/wp-json\/wp\/v2\/types\/page"}],"author":[{"embeddable":true,"href":"https:\/\/www.olisdolivaivins.cat\/es\/wp-json\/wp\/v2\/users\/1"}],"replies":[{"embeddable":true,"href":"https:\/\/www.olisdolivaivins.cat\/es\/wp-json\/wp\/v2\/comments?post=735"}],"version-history":[{"count":0,"href":"https:\/\/www.olisdolivaivins.cat\/es\/wp-json\/wp\/v2\/pages\/735\/revisions"}],"wp:featuredmedia":[{"embeddable":true,"href":"https:\/\/www.olisdolivaivins.cat\/es\/wp-json\/wp\/v2\/media\/1054"}],"wp:attachment":[{"href":"https:\/\/www.olisdolivaivins.cat\/es\/wp-json\/wp\/v2\/media?parent=735"}],"curies":[{"name":"wp","href":"https:\/\/api.w.org\/{rel}","templated":true}]}}