{"id":737,"date":"2021-01-17T19:16:35","date_gmt":"2021-01-17T18:16:35","guid":{"rendered":"https:\/\/www.olisdolivaivins.cat\/?page_id=737"},"modified":"2023-03-29T10:21:04","modified_gmt":"2023-03-29T08:21:04","slug":"actualitat","status":"publish","type":"page","link":"https:\/\/www.olisdolivaivins.cat\/es\/actualitat\/","title":{"rendered":"Actualidad"},"content":{"rendered":"\t\t<div data-elementor-type=\"wp-page\" data-elementor-id=\"737\" class=\"elementor elementor-737\" data-elementor-post-type=\"page\">\n\t\t\t\t\t\t<section class=\"elementor-section elementor-top-section elementor-element elementor-element-a41535a elementor-section-full_width elementor-section-height-default elementor-section-height-default\" data-id=\"a41535a\" data-element_type=\"section\" data-e-type=\"section\">\n\t\t\t\t\t\t<div class=\"elementor-container elementor-column-gap-no\">\n\t\t\t\t\t<div class=\"elementor-column elementor-col-100 elementor-top-column elementor-element elementor-element-c6f16b4\" data-id=\"c6f16b4\" data-element_type=\"column\" data-e-type=\"column\">\n\t\t\t<div class=\"elementor-widget-wrap elementor-element-populated\">\n\t\t\t\t\t\t<section class=\"elementor-section elementor-inner-section elementor-element elementor-element-bd0d085 elementor-section-full_width elementor-section-height-min-height elementor-section-height-default\" data-id=\"bd0d085\" data-element_type=\"section\" data-e-type=\"section\">\n\t\t\t\t\t\t<div class=\"elementor-container elementor-column-gap-no\">\n\t\t\t\t\t<div class=\"elementor-column elementor-col-100 elementor-inner-column elementor-element elementor-element-2ab24a7\" data-id=\"2ab24a7\" data-element_type=\"column\" data-e-type=\"column\">\n\t\t\t<div class=\"elementor-widget-wrap elementor-element-populated\">\n\t\t\t\t\t\t<div class=\"elementor-element elementor-element-213a9c8 premium-blog-align-center elementor-widget elementor-widget-premium-addon-blog\" data-id=\"213a9c8\" data-element_type=\"widget\" data-e-type=\"widget\" data-settings=\"{&quot;scroll_to_offset&quot;:&quot;yes&quot;}\" data-widget_type=\"premium-addon-blog.default\">\n\t\t\t\t<div class=\"elementor-widget-container\">\n\t\t\t\t\t\n\t\t\n\n\t\t\t\t<div class=\"premium-blog-wrap  premium-blog-list\" data-page=\"737\" data-pagination=\"true\">\n\t\t\t\t\t\t\t\t\t<div class=\"premium-blog-post-outer-container\" data-total=\"3\">\n\t\t\t<div class=\"premium-blog-post-container premium-blog-skin-modern\">\n\t\t\t\t\t\t\t\t\t\t\t\t<div class=\"premium-blog-content-wrapper empty-thumb\">\n\n\t\t\t\t\t<div class=\"premium-blog-inner-container\">\n\n\t\t\t\t\t\t\t\t\t\t\t\t\t\t<h2 class=\"premium-blog-entry-title\">\n\t\t\t<a href=\"https:\/\/www.olisdolivaivins.cat\/es\/posposades-a-dema-les-portes-obertes-del-cicle\/\" target=\"_self\">\n\t\t\t\t(Catal\u00e0) Posposades a dem\u00e0 les portes obertes del cicle!\t\t\t<\/a>\n\t\t<\/h2>\n\t\t\t\t<div class=\"premium-blog-entry-meta\">\n\t\t\t\n\t\t\t\n\t\t\t\n\t\t\t\t\t<\/div>\n\t\t\n\t\t\t\t\t<\/div>\n\n\t\t\t\t\t\t\t<div class=\"premium-blog-content-inner-wrapper\">\n\t\t<p class=\"premium-blog-post-content\">Disculpa, pero esta entrada est\u00e1 disponible s\u00f3lo en Catal\u00e0.<\/p>\t\t<\/div>\n\t\t\t\t\t\t\t\n\t\t\t\t<\/div>\n\t\t\t<\/div>\n\t\t<\/div>\n\n\t\t\t\t<div class=\"premium-blog-post-outer-container\" data-total=\"3\">\n\t\t\t<div class=\"premium-blog-post-container premium-blog-skin-modern\">\n\t\t\t\t\t\t\t\t\t\t\t\t<div class=\"premium-blog-content-wrapper empty-thumb\">\n\n\t\t\t\t\t<div class=\"premium-blog-inner-container\">\n\n\t\t\t\t\t\t\t\t\t\t\t\t\t\t<h2 class=\"premium-blog-entry-title\">\n\t\t\t<a href=\"https:\/\/www.olisdolivaivins.cat\/es\/portes-obertes-2025\/\" target=\"_self\">\n\t\t\t\t(Catal\u00e0) JORNADA DE PORTES OBERTES 2025\t\t\t<\/a>\n\t\t<\/h2>\n\t\t\t\t<div class=\"premium-blog-entry-meta\">\n\t\t\t\n\t\t\t\n\t\t\t\n\t\t\t\t\t<\/div>\n\t\t\n\t\t\t\t\t<\/div>\n\n\t\t\t\t\t\t\t<div class=\"premium-blog-content-inner-wrapper\">\n\t\t<p class=\"premium-blog-post-content\">Disculpa, pero esta entrada est\u00e1 disponible s\u00f3lo en Catal\u00e0.<\/p>\t\t<\/div>\n\t\t\t\t\t\t\t\n\t\t\t\t<\/div>\n\t\t\t<\/div>\n\t\t<\/div>\n\n\t\t\t\t<div class=\"premium-blog-post-outer-container\" data-total=\"3\">\n\t\t\t<div class=\"premium-blog-post-container premium-blog-skin-modern\">\n\t\t\t\t\t\t\t\t\t\t\t\t<div class=\"premium-blog-content-wrapper empty-thumb\">\n\n\t\t\t\t\t<div class=\"premium-blog-inner-container\">\n\n\t\t\t\t\t\t\t\t\t\t\t\t\t\t<h2 class=\"premium-blog-entry-title\">\n\t\t\t<a href=\"https:\/\/www.olisdolivaivins.cat\/es\/informacio-curs-24-25\/\" target=\"_self\">\n\t\t\t\t(Catal\u00e0) INFORMACIO CURS 24-25\t\t\t<\/a>\n\t\t<\/h2>\n\t\t\t\t<div class=\"premium-blog-entry-meta\">\n\t\t\t\n\t\t\t\n\t\t\t\n\t\t\t\t\t<\/div>\n\t\t\n\t\t\t\t\t<\/div>\n\n\t\t\t\t\t\t\t<div class=\"premium-blog-content-inner-wrapper\">\n\t\t<p class=\"premium-blog-post-content\">Disculpa, pero esta entrada est\u00e1 disponible s\u00f3lo en Catal\u00e0.<\/p>\t\t<\/div>\n\t\t\t\t\t\t\t\n\t\t\t\t<\/div>\n\t\t\t<\/div>\n\t\t<\/div>\n\n\t\t\t\t\t\t\t<\/div>\n\n\t\t\t\t\t<div class=\"premium-blog-footer\">\n\t\t\t\t\t\t\t<nav class=\"premium-blog-pagination-container\" role=\"navigation\" aria-label=\"Paginaci\u00f3n\">\n\t\t\t\t<span aria-current=\"page\" class=\"page-numbers current\">1<\/span>\n<a class=\"page-numbers\" href=\"https:\/\/www.olisdolivaivins.cat\/es\/wp-json\/wp\/v2\/pages\/737\/page\/2\/\">2<\/a>\n<a class=\"page-numbers\" href=\"https:\/\/www.olisdolivaivins.cat\/es\/wp-json\/wp\/v2\/pages\/737\/page\/3\/\">3<\/a>\t\t\t<\/nav>\n\t\t\t\t\t\t<\/div>\n\t\t\n\t\t\n\t\t\t\t\t\t<\/div>\n\t\t\t\t<\/div>\n\t\t\t\t\t<\/div>\n\t\t<\/div>\n\t\t\t\t\t<\/div>\n\t\t<\/section>\n\t\t\t\t\t<\/div>\n\t\t<\/div>\n\t\t\t\t\t<\/div>\n\t\t<\/section>\n\t\t\t\t<\/div>\n\t\t","protected":false},"excerpt":{"rendered":"<p>Estrenamos web de nuestro ciclo Desde ahora, el ciclo formativo de Olis d\u2019oliva i vins de Institut Llan\u00e7\u00e0 tiene su propio espacio web. Te invitamos a conocer estos estudios que tanto queremos: materias, salidas profesionales, c\u00f3mo acceder, instalaciones, empresas colaboradoras\u2026<\/p>\n","protected":false},"author":1,"featured_media":1047,"parent":0,"menu_order":0,"comment_status":"closed","ping_status":"closed","template":"","meta":{"footnotes":""},"class_list":["post-737","page","type-page","status-publish","has-post-thumbnail","hentry"],"yoast_head":"<!-- This site is optimized with the Yoast SEO plugin v27.4 - https:\/\/yoast.com\/product\/yoast-seo-wordpress\/ -->\n<title>Actualidad - Aceites de Oliva y Vinos<\/title>\n<meta name=\"robots\" content=\"index, follow, max-snippet:-1, max-image-preview:large, max-video-preview:-1\" \/>\n<link rel=\"canonical\" href=\"https:\/\/www.olisdolivaivins.cat\/actualitat\/\" \/>\n<meta property=\"og:locale\" content=\"es_ES\" \/>\n<meta property=\"og:type\" content=\"article\" \/>\n<meta property=\"og:title\" content=\"[:ca]Actualitat[:es]Actualidad[:] - Aceites de Oliva y Vinos\" \/>\n<meta property=\"og:description\" content=\"Estrenamos web de nuestro ciclo Desde ahora, el ciclo formativo de Olis d\u2019oliva i vins de Institut Llan\u00e7\u00e0 tiene su propio espacio web. Te invitamos a conocer estos estudios que tanto queremos: materias, salidas profesionales, c\u00f3mo acceder, instalaciones, empresas colaboradoras\u2026\" \/>\n<meta property=\"og:url\" content=\"https:\/\/www.olisdolivaivins.cat\/actualitat\/\" \/>\n<meta property=\"og:site_name\" content=\"Aceites de Oliva y Vinos\" \/>\n<meta property=\"article:publisher\" content=\"https:\/\/www.facebook.com\/olisdolivaivins\" \/>\n<meta property=\"article:modified_time\" content=\"2023-03-29T08:21:04+00:00\" \/>\n<meta property=\"og:image\" content=\"https:\/\/www.olisdolivaivins.cat\/wp-content\/uploads\/2021\/02\/CFGM-Oli-i-Vi-INS-Llanca-Blog-H.jpg\" \/>\n\t<meta property=\"og:image:width\" content=\"1400\" \/>\n\t<meta property=\"og:image:height\" content=\"300\" \/>\n\t<meta property=\"og:image:type\" content=\"image\/jpeg\" \/>\n<meta name=\"twitter:card\" content=\"summary_large_image\" \/>\n<meta name=\"twitter:label1\" content=\"Tiempo de lectura\" \/>\n\t<meta name=\"twitter:data1\" content=\"1 minuto\" \/>\n<script type=\"application\/ld+json\" class=\"yoast-schema-graph\">{\"@context\":\"https:\\\/\\\/schema.org\",\"@graph\":[{\"@type\":\"WebPage\",\"@id\":\"https:\\\/\\\/www.olisdolivaivins.cat\\\/actualitat\\\/\",\"url\":\"https:\\\/\\\/www.olisdolivaivins.cat\\\/actualitat\\\/\",\"name\":\"[:ca]Actualitat[:es]Actualidad[:] - Aceites de Oliva y Vinos\",\"isPartOf\":{\"@id\":\"https:\\\/\\\/www.olisdolivaivins.cat\\\/#website\"},\"primaryImageOfPage\":{\"@id\":\"https:\\\/\\\/www.olisdolivaivins.cat\\\/actualitat\\\/#primaryimage\"},\"image\":{\"@id\":\"https:\\\/\\\/www.olisdolivaivins.cat\\\/actualitat\\\/#primaryimage\"},\"thumbnailUrl\":\"https:\\\/\\\/www.olisdolivaivins.cat\\\/wp-content\\\/uploads\\\/2021\\\/02\\\/CFGM-Oli-i-Vi-INS-Llanca-Blog-H.jpg\",\"datePublished\":\"2021-01-17T18:16:35+00:00\",\"dateModified\":\"2023-03-29T08:21:04+00:00\",\"breadcrumb\":{\"@id\":\"https:\\\/\\\/www.olisdolivaivins.cat\\\/actualitat\\\/#breadcrumb\"},\"inLanguage\":\"es\",\"potentialAction\":[{\"@type\":\"ReadAction\",\"target\":[\"https:\\\/\\\/www.olisdolivaivins.cat\\\/actualitat\\\/\"]}]},{\"@type\":\"ImageObject\",\"inLanguage\":\"es\",\"@id\":\"https:\\\/\\\/www.olisdolivaivins.cat\\\/actualitat\\\/#primaryimage\",\"url\":\"https:\\\/\\\/www.olisdolivaivins.cat\\\/wp-content\\\/uploads\\\/2021\\\/02\\\/CFGM-Oli-i-Vi-INS-Llanca-Blog-H.jpg\",\"contentUrl\":\"https:\\\/\\\/www.olisdolivaivins.cat\\\/wp-content\\\/uploads\\\/2021\\\/02\\\/CFGM-Oli-i-Vi-INS-Llanca-Blog-H.jpg\",\"width\":1400,\"height\":300,\"caption\":\"CFGM Oli i Vi - INS Llan\u00e7\u00e0 - Blog\"},{\"@type\":\"BreadcrumbList\",\"@id\":\"https:\\\/\\\/www.olisdolivaivins.cat\\\/actualitat\\\/#breadcrumb\",\"itemListElement\":[{\"@type\":\"ListItem\",\"position\":1,\"name\":\"Home\",\"item\":\"https:\\\/\\\/www.olisdolivaivins.cat\\\/\"},{\"@type\":\"ListItem\",\"position\":2,\"name\":\"Actualidad\"}]},{\"@type\":\"WebSite\",\"@id\":\"https:\\\/\\\/www.olisdolivaivins.cat\\\/#website\",\"url\":\"https:\\\/\\\/www.olisdolivaivins.cat\\\/\",\"name\":\"Olis d&#039;Oliva i Vins\",\"description\":\"Institut Llan\u00e7\u00e0\",\"publisher\":{\"@id\":\"https:\\\/\\\/www.olisdolivaivins.cat\\\/#organization\"},\"potentialAction\":[{\"@type\":\"SearchAction\",\"target\":{\"@type\":\"EntryPoint\",\"urlTemplate\":\"https:\\\/\\\/www.olisdolivaivins.cat\\\/?s={search_term_string}\"},\"query-input\":{\"@type\":\"PropertyValueSpecification\",\"valueRequired\":true,\"valueName\":\"search_term_string\"}}],\"inLanguage\":\"es\"},{\"@type\":\"Organization\",\"@id\":\"https:\\\/\\\/www.olisdolivaivins.cat\\\/#organization\",\"name\":\"Olis i Vins d'Oliva\",\"url\":\"https:\\\/\\\/www.olisdolivaivins.cat\\\/\",\"logo\":{\"@type\":\"ImageObject\",\"inLanguage\":\"es\",\"@id\":\"https:\\\/\\\/www.olisdolivaivins.cat\\\/#\\\/schema\\\/logo\\\/image\\\/\",\"url\":\"https:\\\/\\\/www.olisdolivaivins.cat\\\/wp-content\\\/uploads\\\/2021\\\/01\\\/CFGM-Oli-i-Vi-Logo.png\",\"contentUrl\":\"https:\\\/\\\/www.olisdolivaivins.cat\\\/wp-content\\\/uploads\\\/2021\\\/01\\\/CFGM-Oli-i-Vi-Logo.png\",\"width\":300,\"height\":102,\"caption\":\"Olis i Vins d'Oliva\"},\"image\":{\"@id\":\"https:\\\/\\\/www.olisdolivaivins.cat\\\/#\\\/schema\\\/logo\\\/image\\\/\"},\"sameAs\":[\"https:\\\/\\\/www.facebook.com\\\/olisdolivaivins\",\"https:\\\/\\\/www.instagram.com\\\/olisdolivaivins\\\/\"]}]}<\/script>\n<!-- \/ Yoast SEO plugin. -->","yoast_head_json":{"title":"[:ca]Actualitat[:es]Actualidad[:] - Aceites de Oliva y Vinos","robots":{"index":"index","follow":"follow","max-snippet":"max-snippet:-1","max-image-preview":"max-image-preview:large","max-video-preview":"max-video-preview:-1"},"canonical":"https:\/\/www.olisdolivaivins.cat\/actualitat\/","og_locale":"es_ES","og_type":"article","og_title":"[:ca]Actualitat[:es]Actualidad[:] - Aceites de Oliva y Vinos","og_description":"Estrenamos web de nuestro ciclo Desde ahora, el ciclo formativo de Olis d\u2019oliva i vins de Institut Llan\u00e7\u00e0 tiene su propio espacio web. Te invitamos a conocer estos estudios que tanto queremos: materias, salidas profesionales, c\u00f3mo acceder, instalaciones, empresas colaboradoras\u2026","og_url":"https:\/\/www.olisdolivaivins.cat\/actualitat\/","og_site_name":"Aceites de Oliva y Vinos","article_publisher":"https:\/\/www.facebook.com\/olisdolivaivins","article_modified_time":"2023-03-29T08:21:04+00:00","og_image":[{"width":1400,"height":300,"url":"https:\/\/www.olisdolivaivins.cat\/wp-content\/uploads\/2021\/02\/CFGM-Oli-i-Vi-INS-Llanca-Blog-H.jpg","type":"image\/jpeg"}],"twitter_card":"summary_large_image","twitter_misc":{"Tiempo de lectura":"1 minuto"},"schema":{"@context":"https:\/\/schema.org","@graph":[{"@type":"WebPage","@id":"https:\/\/www.olisdolivaivins.cat\/actualitat\/","url":"https:\/\/www.olisdolivaivins.cat\/actualitat\/","name":"[:ca]Actualitat[:es]Actualidad[:] - Aceites de Oliva y Vinos","isPartOf":{"@id":"https:\/\/www.olisdolivaivins.cat\/#website"},"primaryImageOfPage":{"@id":"https:\/\/www.olisdolivaivins.cat\/actualitat\/#primaryimage"},"image":{"@id":"https:\/\/www.olisdolivaivins.cat\/actualitat\/#primaryimage"},"thumbnailUrl":"https:\/\/www.olisdolivaivins.cat\/wp-content\/uploads\/2021\/02\/CFGM-Oli-i-Vi-INS-Llanca-Blog-H.jpg","datePublished":"2021-01-17T18:16:35+00:00","dateModified":"2023-03-29T08:21:04+00:00","breadcrumb":{"@id":"https:\/\/www.olisdolivaivins.cat\/actualitat\/#breadcrumb"},"inLanguage":"es","potentialAction":[{"@type":"ReadAction","target":["https:\/\/www.olisdolivaivins.cat\/actualitat\/"]}]},{"@type":"ImageObject","inLanguage":"es","@id":"https:\/\/www.olisdolivaivins.cat\/actualitat\/#primaryimage","url":"https:\/\/www.olisdolivaivins.cat\/wp-content\/uploads\/2021\/02\/CFGM-Oli-i-Vi-INS-Llanca-Blog-H.jpg","contentUrl":"https:\/\/www.olisdolivaivins.cat\/wp-content\/uploads\/2021\/02\/CFGM-Oli-i-Vi-INS-Llanca-Blog-H.jpg","width":1400,"height":300,"caption":"CFGM Oli i Vi - INS Llan\u00e7\u00e0 - Blog"},{"@type":"BreadcrumbList","@id":"https:\/\/www.olisdolivaivins.cat\/actualitat\/#breadcrumb","itemListElement":[{"@type":"ListItem","position":1,"name":"Home","item":"https:\/\/www.olisdolivaivins.cat\/"},{"@type":"ListItem","position":2,"name":"Actualidad"}]},{"@type":"WebSite","@id":"https:\/\/www.olisdolivaivins.cat\/#website","url":"https:\/\/www.olisdolivaivins.cat\/","name":"Olis d&#039;Oliva i Vins","description":"Institut Llan\u00e7\u00e0","publisher":{"@id":"https:\/\/www.olisdolivaivins.cat\/#organization"},"potentialAction":[{"@type":"SearchAction","target":{"@type":"EntryPoint","urlTemplate":"https:\/\/www.olisdolivaivins.cat\/?s={search_term_string}"},"query-input":{"@type":"PropertyValueSpecification","valueRequired":true,"valueName":"search_term_string"}}],"inLanguage":"es"},{"@type":"Organization","@id":"https:\/\/www.olisdolivaivins.cat\/#organization","name":"Olis i Vins d'Oliva","url":"https:\/\/www.olisdolivaivins.cat\/","logo":{"@type":"ImageObject","inLanguage":"es","@id":"https:\/\/www.olisdolivaivins.cat\/#\/schema\/logo\/image\/","url":"https:\/\/www.olisdolivaivins.cat\/wp-content\/uploads\/2021\/01\/CFGM-Oli-i-Vi-Logo.png","contentUrl":"https:\/\/www.olisdolivaivins.cat\/wp-content\/uploads\/2021\/01\/CFGM-Oli-i-Vi-Logo.png","width":300,"height":102,"caption":"Olis i Vins d'Oliva"},"image":{"@id":"https:\/\/www.olisdolivaivins.cat\/#\/schema\/logo\/image\/"},"sameAs":["https:\/\/www.facebook.com\/olisdolivaivins","https:\/\/www.instagram.com\/olisdolivaivins\/"]}]}},"_links":{"self":[{"href":"https:\/\/www.olisdolivaivins.cat\/es\/wp-json\/wp\/v2\/pages\/737","targetHints":{"allow":["GET"]}}],"collection":[{"href":"https:\/\/www.olisdolivaivins.cat\/es\/wp-json\/wp\/v2\/pages"}],"about":[{"href":"https:\/\/www.olisdolivaivins.cat\/es\/wp-json\/wp\/v2\/types\/page"}],"author":[{"embeddable":true,"href":"https:\/\/www.olisdolivaivins.cat\/es\/wp-json\/wp\/v2\/users\/1"}],"replies":[{"embeddable":true,"href":"https:\/\/www.olisdolivaivins.cat\/es\/wp-json\/wp\/v2\/comments?post=737"}],"version-history":[{"count":0,"href":"https:\/\/www.olisdolivaivins.cat\/es\/wp-json\/wp\/v2\/pages\/737\/revisions"}],"wp:featuredmedia":[{"embeddable":true,"href":"https:\/\/www.olisdolivaivins.cat\/es\/wp-json\/wp\/v2\/media\/1047"}],"wp:attachment":[{"href":"https:\/\/www.olisdolivaivins.cat\/es\/wp-json\/wp\/v2\/media?parent=737"}],"curies":[{"name":"wp","href":"https:\/\/api.w.org\/{rel}","templated":true}]}}