{"id":739,"date":"2021-01-17T19:16:47","date_gmt":"2021-01-17T18:16:47","guid":{"rendered":"https:\/\/www.olisdolivaivins.cat\/?page_id=739"},"modified":"2023-03-29T10:47:07","modified_gmt":"2023-03-29T08:47:07","slug":"contacte","status":"publish","type":"page","link":"https:\/\/www.olisdolivaivins.cat\/es\/contacte\/","title":{"rendered":"Contacto"},"content":{"rendered":"\t\t<div data-elementor-type=\"wp-page\" data-elementor-id=\"739\" class=\"elementor elementor-739\" data-elementor-post-type=\"page\">\n\t\t\t\t\t\t<section class=\"elementor-section elementor-top-section elementor-element elementor-element-e457167 elementor-section-full_width elementor-section-height-default elementor-section-height-default\" data-id=\"e457167\" data-element_type=\"section\" data-e-type=\"section\">\n\t\t\t\t\t\t<div class=\"elementor-container elementor-column-gap-no\">\n\t\t\t\t\t<div class=\"elementor-column elementor-col-100 elementor-top-column elementor-element elementor-element-25d361e\" data-id=\"25d361e\" data-element_type=\"column\" data-e-type=\"column\">\n\t\t\t<div class=\"elementor-widget-wrap elementor-element-populated\">\n\t\t\t\t\t\t<div class=\"elementor-element elementor-element-d0c9555 elementor-widget elementor-widget-heading\" data-id=\"d0c9555\" data-element_type=\"widget\" data-e-type=\"widget\" data-widget_type=\"heading.default\">\n\t\t\t\t<div class=\"elementor-widget-container\">\n\t\t\t\t\t<h3 class=\"elementor-heading-title elementor-size-default\">Contacta amb nosaltres!<\/h3>\t\t\t\t<\/div>\n\t\t\t\t<\/div>\n\t\t\t\t<div class=\"elementor-element elementor-element-03ff38a elementor-widget elementor-widget-heading\" data-id=\"03ff38a\" data-element_type=\"widget\" data-e-type=\"widget\" data-widget_type=\"heading.default\">\n\t\t\t\t<div class=\"elementor-widget-container\">\n\t\t\t\t\t<h3 class=\"elementor-heading-title elementor-size-default\">Si vols estudiar amb nosaltres...<\/h3>\t\t\t\t<\/div>\n\t\t\t\t<\/div>\n\t\t\t\t<div class=\"elementor-element elementor-element-effc540 elementor-widget elementor-widget-text-editor\" data-id=\"effc540\" data-element_type=\"widget\" data-e-type=\"widget\" data-widget_type=\"text-editor.default\">\n\t\t\t\t<div class=\"elementor-widget-container\">\n\t\t\t\t\t\t\t\t\t<p>Tens dubtes sobre el cicle? Com accedir? Quines sortides professionals t\u00e9? On treballar\u00e0s?<\/p>\t\t\t\t\t\t\t\t<\/div>\n\t\t\t\t<\/div>\n\t\t\t\t<div class=\"elementor-element elementor-element-0764eb8 elementor-widget elementor-widget-heading\" data-id=\"0764eb8\" data-element_type=\"widget\" data-e-type=\"widget\" data-widget_type=\"heading.default\">\n\t\t\t\t<div class=\"elementor-widget-container\">\n\t\t\t\t\t<h3 class=\"elementor-heading-title elementor-size-default\">Si ets una empresa...<\/h3>\t\t\t\t<\/div>\n\t\t\t\t<\/div>\n\t\t\t\t<div class=\"elementor-element elementor-element-bab0f90 elementor-widget elementor-widget-text-editor\" data-id=\"bab0f90\" data-element_type=\"widget\" data-e-type=\"widget\" data-widget_type=\"text-editor.default\">\n\t\t\t\t<div class=\"elementor-widget-container\">\n\t\t\t\t\t\t\t\t\t<p>Vols col\u00b7laborar amb nosaltres? El nostre centre es posar\u00e0 en contacte, sense comprom\u00eds, per informar-te de tots els avantatges d\u2019adherir-te al programa FP Dual.<\/p>\t\t\t\t\t\t\t\t<\/div>\n\t\t\t\t<\/div>\n\t\t\t\t<div class=\"elementor-element elementor-element-5aabfdc elementor-widget elementor-widget-text-editor\" data-id=\"5aabfdc\" data-element_type=\"widget\" data-e-type=\"widget\" data-widget_type=\"text-editor.default\">\n\t\t\t\t<div class=\"elementor-widget-container\">\n\t\t\t\t\t\t\t\t\t<p>Contacta amb el nostre equip. Resoldrem els teus dubtes. Envia\u2019ns un missatge o utilitza el formulari de contacte.<\/p>\t\t\t\t\t\t\t\t<\/div>\n\t\t\t\t<\/div>\n\t\t\t\t\t<\/div>\n\t\t<\/div>\n\t\t\t\t\t<\/div>\n\t\t<\/section>\n\t\t\t\t<section class=\"elementor-section elementor-top-section elementor-element elementor-element-a61186e elementor-section-full_width elementor-section-height-default elementor-section-height-default\" data-id=\"a61186e\" data-element_type=\"section\" data-e-type=\"section\">\n\t\t\t\t\t\t<div class=\"elementor-container elementor-column-gap-no\">\n\t\t\t\t\t<div class=\"elementor-column elementor-col-100 elementor-top-column elementor-element elementor-element-6695e06\" data-id=\"6695e06\" data-element_type=\"column\" data-e-type=\"column\">\n\t\t\t<div class=\"elementor-widget-wrap elementor-element-populated\">\n\t\t\t\t\t\t<div class=\"elementor-element elementor-element-f70a267 elementor-icon-list--layout-inline elementor-align-center elementor-mobile-align-center elementor-list-item-link-full_width elementor-widget elementor-widget-icon-list\" data-id=\"f70a267\" data-element_type=\"widget\" data-e-type=\"widget\" data-widget_type=\"icon-list.default\">\n\t\t\t\t<div class=\"elementor-widget-container\">\n\t\t\t\t\t\t\t<ul class=\"elementor-icon-list-items elementor-inline-items\">\n\t\t\t\t\t\t\t<li class=\"elementor-icon-list-item elementor-inline-item\">\n\t\t\t\t\t\t\t\t\t\t\t<a href=\"mailto:b7006769@xtec.cat\">\n\n\t\t\t\t\t\t\t\t\t\t\t\t<span class=\"elementor-icon-list-icon\">\n\t\t\t\t\t\t\t<i aria-hidden=\"true\" class=\"fas fa-envelope\"><\/i>\t\t\t\t\t\t<\/span>\n\t\t\t\t\t\t\t\t\t\t<span class=\"elementor-icon-list-text\">b7006769@xtec.cat<\/span>\n\t\t\t\t\t\t\t\t\t\t\t<\/a>\n\t\t\t\t\t\t\t\t\t<\/li>\n\t\t\t\t\t\t\t\t<li class=\"elementor-icon-list-item elementor-inline-item\">\n\t\t\t\t\t\t\t\t\t\t\t<a href=\"tel:972121489\">\n\n\t\t\t\t\t\t\t\t\t\t\t\t<span class=\"elementor-icon-list-icon\">\n\t\t\t\t\t\t\t<i aria-hidden=\"true\" class=\"fas fa-phone-alt\"><\/i>\t\t\t\t\t\t<\/span>\n\t\t\t\t\t\t\t\t\t\t<span class=\"elementor-icon-list-text\">972 12 14 89<\/span>\n\t\t\t\t\t\t\t\t\t\t\t<\/a>\n\t\t\t\t\t\t\t\t\t<\/li>\n\t\t\t\t\t\t<\/ul>\n\t\t\t\t\t\t<\/div>\n\t\t\t\t<\/div>\n\t\t\t\t<div class=\"elementor-element elementor-element-d67095e elementor-button-align-start elementor-widget elementor-widget-form\" data-id=\"d67095e\" data-element_type=\"widget\" data-e-type=\"widget\" data-settings=\"{&quot;step_next_label&quot;:&quot;Next&quot;,&quot;step_previous_label&quot;:&quot;Previous&quot;,&quot;button_width&quot;:&quot;100&quot;,&quot;step_type&quot;:&quot;number_text&quot;,&quot;step_icon_shape&quot;:&quot;circle&quot;}\" data-widget_type=\"form.default\">\n\t\t\t\t<div class=\"elementor-widget-container\">\n\t\t\t\t\t\t\t<form class=\"elementor-form\" method=\"post\" name=\"Nuevo Formulario\" aria-label=\"Nuevo Formulario\">\n\t\t\t<input type=\"hidden\" name=\"post_id\" value=\"739\"\/>\n\t\t\t<input type=\"hidden\" name=\"form_id\" value=\"d67095e\"\/>\n\t\t\t<input type=\"hidden\" name=\"referer_title\" value=\"Contacte - Olis d&#039;Oliva i Vins\" \/>\n\n\t\t\t\t\t\t\t<input type=\"hidden\" name=\"queried_id\" value=\"739\"\/>\n\t\t\t\n\t\t\t<div class=\"elementor-form-fields-wrapper elementor-labels-\">\n\t\t\t\t\t\t\t\t<div class=\"elementor-field-type-text elementor-field-group elementor-column elementor-field-group-name elementor-col-50 elementor-field-required\">\n\t\t\t\t\t\t\t\t\t\t\t\t<label for=\"form-field-name\" class=\"elementor-field-label elementor-screen-only\">\n\t\t\t\t\t\t\t\tNom\t\t\t\t\t\t\t<\/label>\n\t\t\t\t\t\t\t\t\t\t\t\t\t\t<input size=\"1\" type=\"text\" name=\"form_fields[name]\" id=\"form-field-name\" class=\"elementor-field elementor-size-md  elementor-field-textual\" placeholder=\"Nom\" required=\"required\">\n\t\t\t\t\t\t\t\t\t\t\t<\/div>\n\t\t\t\t\t\t\t\t<div class=\"elementor-field-type-email elementor-field-group elementor-column elementor-field-group-email elementor-col-50 elementor-field-required\">\n\t\t\t\t\t\t\t\t\t\t\t\t<label for=\"form-field-email\" class=\"elementor-field-label elementor-screen-only\">\n\t\t\t\t\t\t\t\tCorreu electr\u00f2nic\t\t\t\t\t\t\t<\/label>\n\t\t\t\t\t\t\t\t\t\t\t\t\t\t<input size=\"1\" type=\"email\" name=\"form_fields[email]\" id=\"form-field-email\" class=\"elementor-field elementor-size-md  elementor-field-textual\" placeholder=\"Correu electr\u00f2nic\" required=\"required\">\n\t\t\t\t\t\t\t\t\t\t\t<\/div>\n\t\t\t\t\t\t\t\t<div class=\"elementor-field-type-textarea elementor-field-group elementor-column elementor-field-group-message elementor-col-100 elementor-field-required\">\n\t\t\t\t\t\t\t\t\t\t\t\t<label for=\"form-field-message\" class=\"elementor-field-label elementor-screen-only\">\n\t\t\t\t\t\t\t\tMissatge\t\t\t\t\t\t\t<\/label>\n\t\t\t\t\t\t<textarea class=\"elementor-field-textual elementor-field  elementor-size-md\" name=\"form_fields[message]\" id=\"form-field-message\" rows=\"4\" placeholder=\"Missatge\" required=\"required\"><\/textarea>\t\t\t\t<\/div>\n\t\t\t\t\t\t\t\t<div class=\"elementor-field-type-text\">\n\t\t\t\t\t<input size=\"1\" type=\"text\" name=\"form_fields[field_2890d80]\" id=\"form-field-field_2890d80\" class=\"elementor-field elementor-size-md \" style=\"display:none !important;\">\t\t\t\t<\/div>\n\t\t\t\t\t\t\t\t<div class=\"elementor-field-type-acceptance elementor-field-group elementor-column elementor-field-group-field_e0a8ac7 elementor-col-100 elementor-field-required\">\n\t\t\t\t\t\t\t\t\t\t\t\t<label for=\"form-field-field_e0a8ac7\" class=\"elementor-field-label elementor-screen-only\">\n\t\t\t\t\t\t\t\tTermes i condicions\t\t\t\t\t\t\t<\/label>\n\t\t\t\t\t\t\t\t<div class=\"elementor-field-subgroup\">\n\t\t\t<span class=\"elementor-field-option\">\n\t\t\t\t<input type=\"checkbox\" name=\"form_fields[field_e0a8ac7]\" id=\"form-field-field_e0a8ac7\" class=\"elementor-field elementor-size-md  elementor-acceptance-field\" required=\"required\">\n\t\t\t\t<label for=\"form-field-field_e0a8ac7\">He llegit i accepto els termes i condicions de <a href=https:\/\/www.olisdolivaivins.cat\/politica-privacitat\/ target='_blank'><em>protecci\u00f3 de dades i pol\u00edtica de privacitat.<\/em><\/a><\/label>\t\t\t<\/span>\n\t\t<\/div>\n\t\t\t\t\t\t<\/div>\n\t\t\t\t\t\t\t\t<div class=\"elementor-field-type-acceptance elementor-field-group elementor-column elementor-field-group-field_ecaf849 elementor-col-100\">\n\t\t\t\t\t\t\t\t\t\t\t\t<label for=\"form-field-field_ecaf849\" class=\"elementor-field-label elementor-screen-only\">\n\t\t\t\t\t\t\t\tAutoritzo\t\t\t\t\t\t\t<\/label>\n\t\t\t\t\t\t\t\t<div class=\"elementor-field-subgroup\">\n\t\t\t<span class=\"elementor-field-option\">\n\t\t\t\t<input type=\"checkbox\" name=\"form_fields[field_ecaf849]\" id=\"form-field-field_ecaf849\" class=\"elementor-field elementor-size-md  elementor-acceptance-field\">\n\t\t\t\t<label for=\"form-field-field_ecaf849\">Autoritzo el tractament de les meves dades per poder rebre informaci\u00f3 per mitjans electr\u00f2nics.<\/label>\t\t\t<\/span>\n\t\t<\/div>\n\t\t\t\t\t\t<\/div>\n\t\t\t\t\t\t\t\t<div class=\"elementor-field-type-html elementor-field-group elementor-column elementor-field-group-field_a034190 elementor-col-100\">\n\t\t\t\t\t\t\t<div data-elementor-type=\"section\" data-elementor-id=\"1343\" class=\"elementor elementor-1343\" data-elementor-post-type=\"elementor_library\">\n\t\t\t\t\t<section class=\"elementor-section elementor-top-section elementor-element elementor-element-646575f7 elementor-section-full_width elementor-section-height-default elementor-section-height-default\" data-id=\"646575f7\" data-element_type=\"section\" data-e-type=\"section\">\n\t\t\t\t\t\t<div class=\"elementor-container elementor-column-gap-no\">\n\t\t\t\t\t<div class=\"elementor-column elementor-col-100 elementor-top-column elementor-element elementor-element-1d6fc8b3\" data-id=\"1d6fc8b3\" data-element_type=\"column\" data-e-type=\"column\">\n\t\t\t<div class=\"elementor-widget-wrap elementor-element-populated\">\n\t\t\t\t\t\t<div class=\"elementor-element elementor-element-3540a37a elementor-widget elementor-widget-eael-adv-accordion\" data-id=\"3540a37a\" data-element_type=\"widget\" data-e-type=\"widget\" data-widget_type=\"eael-adv-accordion.default\">\n\t\t\t\t<div class=\"elementor-widget-container\">\n\t\t\t\t\t            <div class=\"eael-adv-accordion\" id=\"eael-adv-accordion-3540a37a\" data-scroll-on-click=\"no\" data-scroll-speed=\"300\" data-accordion-id=\"3540a37a\" data-accordion-type=\"accordion\" data-toogle-speed=\"300\">\n            <div class=\"eael-accordion-list\">\n\t\t\t\t\t<div id=\"-informaci-bsica-sobre-el-tractament-de-dades-reglament-ue-2016679\" class=\"elementor-tab-title eael-accordion-header\" tabindex=\"0\" data-tab=\"1\" aria-controls=\"elementor-tab-content-8931\"><span class=\"eael-accordion-tab-title\"> Informaci\u00f3 b\u00e0sica sobre el tractament de dades - Reglament (UE) 2016\/679<\/span><i aria-hidden=\"true\" class=\"fa-toggle fas fa-angle-right\"><\/i><\/div><div id=\"elementor-tab-content-8931\" class=\"eael-accordion-content clearfix\" data-tab=\"1\" aria-labelledby=\"-informaci-bsica-sobre-el-tractament-de-dades-reglament-ue-2016679\"><p style=\"text-align: justify\"><b>INS Llan\u00e7\u00e0<\/b> informa que les dades de car\u00e0cter personal que ens proporcionis omplint aquest formulari seran tractades per nosaltres com a responsable \u00faltima d&#8217;aquesta web | La finalitat de la recollida i tractament de les dades personals que et sol\u00b7licitem \u00e9s enviar-te les nostres publicacions, promocions de productes i\/o serveis i recursos exclusius | En marcar la casella d&#8217;acceptaci\u00f3, est\u00e0s donant el teu leg\u00edtim consentiment perqu\u00e8 les teves dades siguin tractades conforme a les finalitats d&#8217;aquest formulari descrites en la <strong><a href=\"https:\/\/www.olisdolivaivins.cat\/politica-privacitat\/\" target=\"_blank\" rel=\"noopener\">pol\u00edtica de privacitat<\/a><\/strong> | Com a usuari i interessat t&#8217;informem que les dades que ens facilites seran guardades als servidors d\u2019<strong>Estudi 33<\/strong> (prove\u00efdor d&#8217;email m\u00e0rqueting), garantint l&#8217;empresa uns nivells de seguretat adequats (<a href=\"https:\/\/www.estudi33.net\/politica-de-privacitat\/\" target=\"_blank\" rel=\"noopener\"><strong>veure pol\u00edtica de privacitat d\u2019Estudi 33<\/strong><\/a>) | Podr\u00e0s exercir els teus drets d&#8217;acc\u00e9s, rectificaci\u00f3, limitaci\u00f3 i suprimir les dades a <a href=\"mailto:b7006769@xtec.cat\"><strong>b7006769@xtec.cat<\/strong><\/a>. Pots consultar la informaci\u00f3 addicional i detallada sobre Protecci\u00f3 de Dades a la nostra <strong><a href=\"https:\/\/www.olisdolivaivins.cat\/politica-privacitat\/\" target=\"_blank\" rel=\"noopener\">pol\u00edtica de privacitat<\/a><\/strong>.<\/p><\/div>\n\t\t\t\t\t<\/div><\/div>\t\t\t\t<\/div>\n\t\t\t\t<\/div>\n\t\t\t\t\t<\/div>\n\t\t<\/div>\n\t\t\t\t\t<\/div>\n\t\t<\/section>\n\t\t\t\t<\/div>\n\t\t\t\t\t\t<\/div>\n\t\t\t\t\t\t\t\t<div class=\"elementor-field-group elementor-column elementor-field-type-submit elementor-col-100 e-form__buttons\">\n\t\t\t\t\t<button class=\"elementor-button elementor-size-xs\" type=\"submit\">\n\t\t\t\t\t\t<span class=\"elementor-button-content-wrapper\">\n\t\t\t\t\t\t\t\t\t\t\t\t\t\t\t\t\t\t\t\t\t\t<span class=\"elementor-button-text\">ENVIAR<\/span>\n\t\t\t\t\t\t\t\t\t\t\t\t\t<\/span>\n\t\t\t\t\t<\/button>\n\t\t\t\t<\/div>\n\t\t\t<\/div>\n\t\t<\/form>\n\t\t\t\t\t\t<\/div>\n\t\t\t\t<\/div>\n\t\t\t\t\t<\/div>\n\t\t<\/div>\n\t\t\t\t\t<\/div>\n\t\t<\/section>\n\t\t\t\t<\/div>\n\t\t","protected":false},"excerpt":{"rendered":"<p>\u00a1Contacta con nosotros! Si quieres estudiar con nosotros&#8230; \u00bfTienes dudas sobre el ciclo? \u00bfC\u00f3mo acceder? \u00bfQu\u00e9 salidas profesionales tiene? \u00bfD\u00f3nde trabajar\u00e1s? Si eres una empresa&#8230; \u00bfQuieres colaborar con nosotros? Nuestro centro se pondr\u00e1 en contacto, sin compromiso, para informarte de todas las ventajas de adherirte al programa FP Dual. Contacta con nuestro equipo. Resolveremos tus<br \/><a class=\"moretag\" href=\"https:\/\/www.olisdolivaivins.cat\/es\/contacte\/\">+ Read More<\/a><\/p>\n","protected":false},"author":1,"featured_media":1048,"parent":0,"menu_order":0,"comment_status":"closed","ping_status":"closed","template":"","meta":{"footnotes":""},"class_list":["post-739","page","type-page","status-publish","has-post-thumbnail","hentry"],"yoast_head":"<!-- This site is optimized with the Yoast SEO plugin v27.4 - https:\/\/yoast.com\/product\/yoast-seo-wordpress\/ -->\n<title>Contacto - Aceites de Oliva y Vinos<\/title>\n<meta name=\"robots\" content=\"index, follow, max-snippet:-1, max-image-preview:large, max-video-preview:-1\" \/>\n<link rel=\"canonical\" href=\"https:\/\/www.olisdolivaivins.cat\/contacte\/\" \/>\n<meta property=\"og:locale\" content=\"es_ES\" \/>\n<meta property=\"og:type\" content=\"article\" \/>\n<meta property=\"og:title\" content=\"[:ca]Contacte[:es]Contacto[:] - Aceites de Oliva y Vinos\" \/>\n<meta property=\"og:description\" content=\"\u00a1Contacta con nosotros! Si quieres estudiar con nosotros&#8230; \u00bfTienes dudas sobre el ciclo? \u00bfC\u00f3mo acceder? \u00bfQu\u00e9 salidas profesionales tiene? \u00bfD\u00f3nde trabajar\u00e1s? Si eres una empresa&#8230; \u00bfQuieres colaborar con nosotros? Nuestro centro se pondr\u00e1 en contacto, sin compromiso, para informarte de todas las ventajas de adherirte al programa FP Dual. Contacta con nuestro equipo. Resolveremos tus+ Read More\" \/>\n<meta property=\"og:url\" content=\"https:\/\/www.olisdolivaivins.cat\/contacte\/\" \/>\n<meta property=\"og:site_name\" content=\"Aceites de Oliva y Vinos\" \/>\n<meta property=\"article:publisher\" content=\"https:\/\/www.facebook.com\/olisdolivaivins\" \/>\n<meta property=\"article:modified_time\" content=\"2023-03-29T08:47:07+00:00\" \/>\n<meta property=\"og:image\" content=\"https:\/\/www.olisdolivaivins.cat\/wp-content\/uploads\/2021\/02\/CFGM-Oli-i-Vi-INS-Llanca-Contacte-H.jpg\" \/>\n\t<meta property=\"og:image:width\" content=\"1400\" \/>\n\t<meta property=\"og:image:height\" content=\"300\" \/>\n\t<meta property=\"og:image:type\" content=\"image\/jpeg\" \/>\n<meta name=\"twitter:card\" content=\"summary_large_image\" \/>\n<meta name=\"twitter:label1\" content=\"Tiempo de lectura\" \/>\n\t<meta name=\"twitter:data1\" content=\"1 minuto\" \/>\n<script type=\"application\/ld+json\" class=\"yoast-schema-graph\">{\"@context\":\"https:\\\/\\\/schema.org\",\"@graph\":[{\"@type\":\"WebPage\",\"@id\":\"https:\\\/\\\/www.olisdolivaivins.cat\\\/contacte\\\/\",\"url\":\"https:\\\/\\\/www.olisdolivaivins.cat\\\/contacte\\\/\",\"name\":\"[:ca]Contacte[:es]Contacto[:] - Aceites de Oliva y Vinos\",\"isPartOf\":{\"@id\":\"https:\\\/\\\/www.olisdolivaivins.cat\\\/#website\"},\"primaryImageOfPage\":{\"@id\":\"https:\\\/\\\/www.olisdolivaivins.cat\\\/contacte\\\/#primaryimage\"},\"image\":{\"@id\":\"https:\\\/\\\/www.olisdolivaivins.cat\\\/contacte\\\/#primaryimage\"},\"thumbnailUrl\":\"https:\\\/\\\/www.olisdolivaivins.cat\\\/wp-content\\\/uploads\\\/2021\\\/02\\\/CFGM-Oli-i-Vi-INS-Llanca-Contacte-H.jpg\",\"datePublished\":\"2021-01-17T18:16:47+00:00\",\"dateModified\":\"2023-03-29T08:47:07+00:00\",\"breadcrumb\":{\"@id\":\"https:\\\/\\\/www.olisdolivaivins.cat\\\/contacte\\\/#breadcrumb\"},\"inLanguage\":\"es\",\"potentialAction\":[{\"@type\":\"ReadAction\",\"target\":[\"https:\\\/\\\/www.olisdolivaivins.cat\\\/contacte\\\/\"]}]},{\"@type\":\"ImageObject\",\"inLanguage\":\"es\",\"@id\":\"https:\\\/\\\/www.olisdolivaivins.cat\\\/contacte\\\/#primaryimage\",\"url\":\"https:\\\/\\\/www.olisdolivaivins.cat\\\/wp-content\\\/uploads\\\/2021\\\/02\\\/CFGM-Oli-i-Vi-INS-Llanca-Contacte-H.jpg\",\"contentUrl\":\"https:\\\/\\\/www.olisdolivaivins.cat\\\/wp-content\\\/uploads\\\/2021\\\/02\\\/CFGM-Oli-i-Vi-INS-Llanca-Contacte-H.jpg\",\"width\":1400,\"height\":300,\"caption\":\"CFGM Oli i Vi - INS Llan\u00e7\u00e0 - Contacte\"},{\"@type\":\"BreadcrumbList\",\"@id\":\"https:\\\/\\\/www.olisdolivaivins.cat\\\/contacte\\\/#breadcrumb\",\"itemListElement\":[{\"@type\":\"ListItem\",\"position\":1,\"name\":\"Home\",\"item\":\"https:\\\/\\\/www.olisdolivaivins.cat\\\/\"},{\"@type\":\"ListItem\",\"position\":2,\"name\":\"Contacto\"}]},{\"@type\":\"WebSite\",\"@id\":\"https:\\\/\\\/www.olisdolivaivins.cat\\\/#website\",\"url\":\"https:\\\/\\\/www.olisdolivaivins.cat\\\/\",\"name\":\"Olis d&#039;Oliva i Vins\",\"description\":\"Institut Llan\u00e7\u00e0\",\"publisher\":{\"@id\":\"https:\\\/\\\/www.olisdolivaivins.cat\\\/#organization\"},\"potentialAction\":[{\"@type\":\"SearchAction\",\"target\":{\"@type\":\"EntryPoint\",\"urlTemplate\":\"https:\\\/\\\/www.olisdolivaivins.cat\\\/?s={search_term_string}\"},\"query-input\":{\"@type\":\"PropertyValueSpecification\",\"valueRequired\":true,\"valueName\":\"search_term_string\"}}],\"inLanguage\":\"es\"},{\"@type\":\"Organization\",\"@id\":\"https:\\\/\\\/www.olisdolivaivins.cat\\\/#organization\",\"name\":\"Olis i Vins d'Oliva\",\"url\":\"https:\\\/\\\/www.olisdolivaivins.cat\\\/\",\"logo\":{\"@type\":\"ImageObject\",\"inLanguage\":\"es\",\"@id\":\"https:\\\/\\\/www.olisdolivaivins.cat\\\/#\\\/schema\\\/logo\\\/image\\\/\",\"url\":\"https:\\\/\\\/www.olisdolivaivins.cat\\\/wp-content\\\/uploads\\\/2021\\\/01\\\/CFGM-Oli-i-Vi-Logo.png\",\"contentUrl\":\"https:\\\/\\\/www.olisdolivaivins.cat\\\/wp-content\\\/uploads\\\/2021\\\/01\\\/CFGM-Oli-i-Vi-Logo.png\",\"width\":300,\"height\":102,\"caption\":\"Olis i Vins d'Oliva\"},\"image\":{\"@id\":\"https:\\\/\\\/www.olisdolivaivins.cat\\\/#\\\/schema\\\/logo\\\/image\\\/\"},\"sameAs\":[\"https:\\\/\\\/www.facebook.com\\\/olisdolivaivins\",\"https:\\\/\\\/www.instagram.com\\\/olisdolivaivins\\\/\"]}]}<\/script>\n<!-- \/ Yoast SEO plugin. -->","yoast_head_json":{"title":"[:ca]Contacte[:es]Contacto[:] - Aceites de Oliva y Vinos","robots":{"index":"index","follow":"follow","max-snippet":"max-snippet:-1","max-image-preview":"max-image-preview:large","max-video-preview":"max-video-preview:-1"},"canonical":"https:\/\/www.olisdolivaivins.cat\/contacte\/","og_locale":"es_ES","og_type":"article","og_title":"[:ca]Contacte[:es]Contacto[:] - Aceites de Oliva y Vinos","og_description":"\u00a1Contacta con nosotros! Si quieres estudiar con nosotros&#8230; \u00bfTienes dudas sobre el ciclo? \u00bfC\u00f3mo acceder? \u00bfQu\u00e9 salidas profesionales tiene? \u00bfD\u00f3nde trabajar\u00e1s? Si eres una empresa&#8230; \u00bfQuieres colaborar con nosotros? Nuestro centro se pondr\u00e1 en contacto, sin compromiso, para informarte de todas las ventajas de adherirte al programa FP Dual. Contacta con nuestro equipo. Resolveremos tus+ Read More","og_url":"https:\/\/www.olisdolivaivins.cat\/contacte\/","og_site_name":"Aceites de Oliva y Vinos","article_publisher":"https:\/\/www.facebook.com\/olisdolivaivins","article_modified_time":"2023-03-29T08:47:07+00:00","og_image":[{"width":1400,"height":300,"url":"https:\/\/www.olisdolivaivins.cat\/wp-content\/uploads\/2021\/02\/CFGM-Oli-i-Vi-INS-Llanca-Contacte-H.jpg","type":"image\/jpeg"}],"twitter_card":"summary_large_image","twitter_misc":{"Tiempo de lectura":"1 minuto"},"schema":{"@context":"https:\/\/schema.org","@graph":[{"@type":"WebPage","@id":"https:\/\/www.olisdolivaivins.cat\/contacte\/","url":"https:\/\/www.olisdolivaivins.cat\/contacte\/","name":"[:ca]Contacte[:es]Contacto[:] - Aceites de Oliva y Vinos","isPartOf":{"@id":"https:\/\/www.olisdolivaivins.cat\/#website"},"primaryImageOfPage":{"@id":"https:\/\/www.olisdolivaivins.cat\/contacte\/#primaryimage"},"image":{"@id":"https:\/\/www.olisdolivaivins.cat\/contacte\/#primaryimage"},"thumbnailUrl":"https:\/\/www.olisdolivaivins.cat\/wp-content\/uploads\/2021\/02\/CFGM-Oli-i-Vi-INS-Llanca-Contacte-H.jpg","datePublished":"2021-01-17T18:16:47+00:00","dateModified":"2023-03-29T08:47:07+00:00","breadcrumb":{"@id":"https:\/\/www.olisdolivaivins.cat\/contacte\/#breadcrumb"},"inLanguage":"es","potentialAction":[{"@type":"ReadAction","target":["https:\/\/www.olisdolivaivins.cat\/contacte\/"]}]},{"@type":"ImageObject","inLanguage":"es","@id":"https:\/\/www.olisdolivaivins.cat\/contacte\/#primaryimage","url":"https:\/\/www.olisdolivaivins.cat\/wp-content\/uploads\/2021\/02\/CFGM-Oli-i-Vi-INS-Llanca-Contacte-H.jpg","contentUrl":"https:\/\/www.olisdolivaivins.cat\/wp-content\/uploads\/2021\/02\/CFGM-Oli-i-Vi-INS-Llanca-Contacte-H.jpg","width":1400,"height":300,"caption":"CFGM Oli i Vi - INS Llan\u00e7\u00e0 - Contacte"},{"@type":"BreadcrumbList","@id":"https:\/\/www.olisdolivaivins.cat\/contacte\/#breadcrumb","itemListElement":[{"@type":"ListItem","position":1,"name":"Home","item":"https:\/\/www.olisdolivaivins.cat\/"},{"@type":"ListItem","position":2,"name":"Contacto"}]},{"@type":"WebSite","@id":"https:\/\/www.olisdolivaivins.cat\/#website","url":"https:\/\/www.olisdolivaivins.cat\/","name":"Olis d&#039;Oliva i Vins","description":"Institut Llan\u00e7\u00e0","publisher":{"@id":"https:\/\/www.olisdolivaivins.cat\/#organization"},"potentialAction":[{"@type":"SearchAction","target":{"@type":"EntryPoint","urlTemplate":"https:\/\/www.olisdolivaivins.cat\/?s={search_term_string}"},"query-input":{"@type":"PropertyValueSpecification","valueRequired":true,"valueName":"search_term_string"}}],"inLanguage":"es"},{"@type":"Organization","@id":"https:\/\/www.olisdolivaivins.cat\/#organization","name":"Olis i Vins d'Oliva","url":"https:\/\/www.olisdolivaivins.cat\/","logo":{"@type":"ImageObject","inLanguage":"es","@id":"https:\/\/www.olisdolivaivins.cat\/#\/schema\/logo\/image\/","url":"https:\/\/www.olisdolivaivins.cat\/wp-content\/uploads\/2021\/01\/CFGM-Oli-i-Vi-Logo.png","contentUrl":"https:\/\/www.olisdolivaivins.cat\/wp-content\/uploads\/2021\/01\/CFGM-Oli-i-Vi-Logo.png","width":300,"height":102,"caption":"Olis i Vins d'Oliva"},"image":{"@id":"https:\/\/www.olisdolivaivins.cat\/#\/schema\/logo\/image\/"},"sameAs":["https:\/\/www.facebook.com\/olisdolivaivins","https:\/\/www.instagram.com\/olisdolivaivins\/"]}]}},"_links":{"self":[{"href":"https:\/\/www.olisdolivaivins.cat\/es\/wp-json\/wp\/v2\/pages\/739","targetHints":{"allow":["GET"]}}],"collection":[{"href":"https:\/\/www.olisdolivaivins.cat\/es\/wp-json\/wp\/v2\/pages"}],"about":[{"href":"https:\/\/www.olisdolivaivins.cat\/es\/wp-json\/wp\/v2\/types\/page"}],"author":[{"embeddable":true,"href":"https:\/\/www.olisdolivaivins.cat\/es\/wp-json\/wp\/v2\/users\/1"}],"replies":[{"embeddable":true,"href":"https:\/\/www.olisdolivaivins.cat\/es\/wp-json\/wp\/v2\/comments?post=739"}],"version-history":[{"count":0,"href":"https:\/\/www.olisdolivaivins.cat\/es\/wp-json\/wp\/v2\/pages\/739\/revisions"}],"wp:featuredmedia":[{"embeddable":true,"href":"https:\/\/www.olisdolivaivins.cat\/es\/wp-json\/wp\/v2\/media\/1048"}],"wp:attachment":[{"href":"https:\/\/www.olisdolivaivins.cat\/es\/wp-json\/wp\/v2\/media?parent=739"}],"curies":[{"name":"wp","href":"https:\/\/api.w.org\/{rel}","templated":true}]}}